{"id":376,"date":"2022-05-23T11:54:02","date_gmt":"2022-05-23T09:54:02","guid":{"rendered":"https:\/\/hundeschule-kuhlmann.de\/?page_id=376"},"modified":"2026-05-05T12:08:37","modified_gmt":"2026-05-05T10:08:37","slug":"einzeltraining","status":"publish","type":"page","link":"https:\/\/hundeschule-kuhlmann.de\/index.php\/einzeltraining\/","title":{"rendered":"Einzeltraining"},"content":{"rendered":"\t\t<div data-elementor-type=\"wp-page\" data-elementor-id=\"376\" class=\"elementor elementor-376\" data-elementor-post-type=\"page\">\n\t\t\t\t\t\t<section class=\"elementor-section elementor-top-section elementor-element elementor-element-124056a elementor-section-boxed elementor-section-height-default elementor-section-height-default\" data-id=\"124056a\" data-element_type=\"section\" data-e-type=\"section\" data-settings=\"{&quot;background_background&quot;:&quot;classic&quot;,&quot;shape_divider_bottom&quot;:&quot;mountains&quot;}\">\n\t\t\t\t\t<div class=\"elementor-shape elementor-shape-bottom\" aria-hidden=\"true\" data-negative=\"false\">\n\t\t\t<svg xmlns=\"http:\/\/www.w3.org\/2000\/svg\" viewBox=\"0 0 1000 100\" preserveAspectRatio=\"none\">\n\t<path class=\"elementor-shape-fill\" opacity=\"0.33\" d=\"M473,67.3c-203.9,88.3-263.1-34-320.3,0C66,119.1,0,59.7,0,59.7V0h1000v59.7 c0,0-62.1,26.1-94.9,29.3c-32.8,3.3-62.8-12.3-75.8-22.1C806,49.6,745.3,8.7,694.9,4.7S492.4,59,473,67.3z\"\/>\n\t<path class=\"elementor-shape-fill\" opacity=\"0.66\" d=\"M734,67.3c-45.5,0-77.2-23.2-129.1-39.1c-28.6-8.7-150.3-10.1-254,39.1 s-91.7-34.4-149.2,0C115.7,118.3,0,39.8,0,39.8V0h1000v36.5c0,0-28.2-18.5-92.1-18.5C810.2,18.1,775.7,67.3,734,67.3z\"\/>\n\t<path class=\"elementor-shape-fill\" d=\"M766.1,28.9c-200-57.5-266,65.5-395.1,19.5C242,1.8,242,5.4,184.8,20.6C128,35.8,132.3,44.9,89.9,52.5C28.6,63.7,0,0,0,0 h1000c0,0-9.9,40.9-83.6,48.1S829.6,47,766.1,28.9z\"\/>\n<\/svg>\t\t<\/div>\n\t\t\t\t\t<div class=\"elementor-container elementor-column-gap-default\">\n\t\t\t\t\t<div class=\"elementor-column elementor-col-100 elementor-top-column elementor-element elementor-element-3bb9f18\" data-id=\"3bb9f18\" data-element_type=\"column\" data-e-type=\"column\">\n\t\t\t<div class=\"elementor-widget-wrap elementor-element-populated\">\n\t\t\t\t\t\t<section class=\"elementor-section elementor-inner-section elementor-element elementor-element-ff7c21a elementor-section-boxed elementor-section-height-default elementor-section-height-default\" data-id=\"ff7c21a\" data-element_type=\"section\" data-e-type=\"section\">\n\t\t\t\t\t\t<div class=\"elementor-container elementor-column-gap-default\">\n\t\t\t\t\t<div class=\"elementor-column elementor-col-100 elementor-inner-column elementor-element elementor-element-4c00221\" data-id=\"4c00221\" data-element_type=\"column\" data-e-type=\"column\">\n\t\t\t<div class=\"elementor-widget-wrap elementor-element-populated\">\n\t\t\t\t\t\t<div class=\"elementor-element elementor-element-f3de5ab elementor-widget elementor-widget-heading\" data-id=\"f3de5ab\" data-element_type=\"widget\" data-e-type=\"widget\" data-settings=\"{&quot;_animation&quot;:&quot;none&quot;}\" data-widget_type=\"heading.default\">\n\t\t\t\t<div class=\"elementor-widget-container\">\n\t\t\t\t\t<h1 class=\"elementor-heading-title elementor-size-default\">Einzeltraining<\/h1>\t\t\t\t<\/div>\n\t\t\t\t<\/div>\n\t\t\t\t<div class=\"elementor-element elementor-element-c9b58b8 elementor-widget elementor-widget-heading\" data-id=\"c9b58b8\" data-element_type=\"widget\" data-e-type=\"widget\" data-widget_type=\"heading.default\">\n\t\t\t\t<div class=\"elementor-widget-container\">\n\t\t\t\t\t<h2 class=\"elementor-heading-title elementor-size-default\">Nur Du und Dein Hund im Mittelpunkt<\/h2>\t\t\t\t<\/div>\n\t\t\t\t<\/div>\n\t\t\t\t<div class=\"elementor-element elementor-element-28c6d72 elementor-widget elementor-widget-text-editor\" data-id=\"28c6d72\" data-element_type=\"widget\" data-e-type=\"widget\" data-widget_type=\"text-editor.default\">\n\t\t\t\t<div class=\"elementor-widget-container\">\n\t\t\t\t\t\t\t\t\t<p>Beim Einzeltraining stehen <strong>nur Du und Deine Fellnase<\/strong> im Mittelpunkt. Wenn Du intensiv trainieren m\u00f6chtest oder eine ganz besondere und individuelle Herausforderung aus dem Alltag mit Deinem Hund angehen m\u00f6chtest, dann ist eine Einzelstunde genau das Richtige f\u00fcr Euch.<\/p><p>Im Ersttermin lernen wir uns kennen und besprechen ausf\u00fchrlich, was Du Dir f\u00fcr Dich und Deinen Hund w\u00fcnschst. Wir legen gemeinsam <strong>Trainingsziele<\/strong> fest und besprechen, wie Du diese <strong>Schritt f\u00fcr Schritt<\/strong> erreichen kannst.\u00a0<br \/>In weiteren Einzelstunden hast Du den Raum, Eure ganz pers\u00f6nlichen Themen anzugehen.<\/p><p>Nach jeder Einzelstunde sollte es Dir m\u00f6glich sein, selbst\u00e4ndig mit Deinem Hund zu trainieren.<\/p><p>Die <strong>Anzahl der Termine<\/strong> ist <strong>abh\u00e4ngig vom Trainingsziel<\/strong> und <strong>Eurem Flei\u00df.<\/strong><\/p><p>Gemeinsam erreichen wir, dass Du mit Deinem Hund\u00a0<strong>entspannt durch den Alltag\u00a0<\/strong>gehen kannst.<\/p>\t\t\t\t\t\t\t\t<\/div>\n\t\t\t\t<\/div>\n\t\t\t\t\t<\/div>\n\t\t<\/div>\n\t\t\t\t\t<\/div>\n\t\t<\/section>\n\t\t\t\t\t<\/div>\n\t\t<\/div>\n\t\t\t\t\t<\/div>\n\t\t<\/section>\n\t\t\t\t<section class=\"elementor-section elementor-top-section elementor-element elementor-element-553bf23 elementor-section-boxed elementor-section-height-default elementor-section-height-default\" data-id=\"553bf23\" data-element_type=\"section\" data-e-type=\"section\" data-settings=\"{&quot;background_background&quot;:&quot;classic&quot;}\">\n\t\t\t\t\t\t<div class=\"elementor-container elementor-column-gap-default\">\n\t\t\t\t\t<div class=\"elementor-column elementor-col-100 elementor-top-column elementor-element elementor-element-dd7af21\" data-id=\"dd7af21\" data-element_type=\"column\" data-e-type=\"column\">\n\t\t\t<div class=\"elementor-widget-wrap elementor-element-populated\">\n\t\t\t\t\t\t<section class=\"elementor-section elementor-inner-section elementor-element elementor-element-8ed8a20 elementor-section-content-middle elementor-section-boxed elementor-section-height-default elementor-section-height-default\" data-id=\"8ed8a20\" data-element_type=\"section\" data-e-type=\"section\">\n\t\t\t\t\t\t<div class=\"elementor-container elementor-column-gap-default\">\n\t\t\t\t\t<div class=\"elementor-column elementor-col-50 elementor-inner-column elementor-element elementor-element-f184359\" data-id=\"f184359\" data-element_type=\"column\" data-e-type=\"column\" data-settings=\"{&quot;background_background&quot;:&quot;classic&quot;}\">\n\t\t\t<div class=\"elementor-widget-wrap elementor-element-populated\">\n\t\t\t\t\t\t<div class=\"elementor-element elementor-element-a5f589e elementor-widget elementor-widget-spacer\" data-id=\"a5f589e\" data-element_type=\"widget\" data-e-type=\"widget\" data-widget_type=\"spacer.default\">\n\t\t\t\t<div class=\"elementor-widget-container\">\n\t\t\t\t\t\t\t<div class=\"elementor-spacer\">\n\t\t\t<div class=\"elementor-spacer-inner\"><\/div>\n\t\t<\/div>\n\t\t\t\t\t\t<\/div>\n\t\t\t\t<\/div>\n\t\t\t\t\t<\/div>\n\t\t<\/div>\n\t\t\t\t<div class=\"elementor-column elementor-col-50 elementor-inner-column elementor-element elementor-element-9cba079\" data-id=\"9cba079\" data-element_type=\"column\" data-e-type=\"column\">\n\t\t\t<div class=\"elementor-widget-wrap elementor-element-populated\">\n\t\t\t\t\t\t<div class=\"elementor-element elementor-element-a43cd56 animated-slow elementor-invisible elementor-widget elementor-widget-eael-feature-list\" data-id=\"a43cd56\" data-element_type=\"widget\" data-e-type=\"widget\" data-settings=\"{&quot;_animation&quot;:&quot;fadeIn&quot;}\" data-widget_type=\"eael-feature-list.default\">\n\t\t\t\t<div class=\"elementor-widget-container\">\n\t\t\t\t\t\t\t<div class=\"-icon-position-left -tablet-icon-position-left -mobile-icon-position-left\">\n\t\t\t<ul id=\"eael-feature-list-a43cd56\" class=\"eael-feature-list-items circle stacked  eael-feature-list-vertical\" data-layout-tablet=\"vertical\" data-layout-mobile=\"vertical\">\n\t\t\t                <li class=\"eael-feature-list-item elementor-repeater-item-105bc3c\">\n                    \n\t\t\t\t\t\t<div class=\"eael-feature-list-icon-box\">\n\t\t\t\t\t\t\t<div class=\"eael-feature-list-icon-inner\">\n\n\t\t\t\t\t\t\t\t<span class=\"eael-feature-list-icon fl-icon-0\">\n\n\t\t<i aria-hidden=\"true\" class=\"fas fa-child\"><\/i>\t\t\t\t\t\t\t\t<\/span>\n\t\t\t\t\t\t\t<\/div>\n\t\t\t\t\t\t<\/div>\n\t\t\t\t\t\t<div class=\"eael-feature-list-content-box\">\n                            <h2 class=\"eael-feature-list-title\">Alter des Hundes<\/h2>\t\t\t\t\t\t<p class=\"eael-feature-list-content\">ab 1 Jahr<\/p>\n\t\t\t\t\t\t<\/div>\n\n\t\t\t\t\t<\/li>\n\t\t\t\t                <li class=\"eael-feature-list-item elementor-repeater-item-d9feadf\">\n                    \n\t\t\t\t\t\t<div class=\"eael-feature-list-icon-box\">\n\t\t\t\t\t\t\t<div class=\"eael-feature-list-icon-inner\">\n\n\t\t\t\t\t\t\t\t<span class=\"eael-feature-list-icon fl-icon-1\">\n\n\t\t<i aria-hidden=\"true\" class=\"fas fa-users\"><\/i>\t\t\t\t\t\t\t\t<\/span>\n\t\t\t\t\t\t\t<\/div>\n\t\t\t\t\t\t<\/div>\n\t\t\t\t\t\t<div class=\"eael-feature-list-content-box\">\n                            <h2 class=\"eael-feature-list-title\">Teilnehmer<\/h2>\t\t\t\t\t\t<p class=\"eael-feature-list-content\">nur Du und deine Fellnase<\/p>\n\t\t\t\t\t\t<\/div>\n\n\t\t\t\t\t<\/li>\n\t\t\t\t                <li class=\"eael-feature-list-item elementor-repeater-item-ee729f6\">\n                    \n\t\t\t\t\t\t<div class=\"eael-feature-list-icon-box\">\n\t\t\t\t\t\t\t<div class=\"eael-feature-list-icon-inner\">\n\n\t\t\t\t\t\t\t\t<span class=\"eael-feature-list-icon fl-icon-2\">\n\n\t\t<i aria-hidden=\"true\" class=\"fas fa-euro-sign\"><\/i>\t\t\t\t\t\t\t\t<\/span>\n\t\t\t\t\t\t\t<\/div>\n\t\t\t\t\t\t<\/div>\n\t\t\t\t\t\t<div class=\"eael-feature-list-content-box\">\n                            <h2 class=\"eael-feature-list-title\">Preis<\/h2>\t\t\t\t\t\t<p class=\"eael-feature-list-content\">Ersttermin: ab 99,00 \u20ac<br>\nFolgetermine: 49,00\u20ac<\/p>\n\t\t\t\t\t\t<\/div>\n\n\t\t\t\t\t<\/li>\n\t\t\t\t\t\t\t<\/ul>\n\t\t<\/div>\n\t\t\t\t\t\t<\/div>\n\t\t\t\t<\/div>\n\t\t\t\t<div class=\"elementor-element elementor-element-78284eb elementor-widget elementor-widget-heading\" data-id=\"78284eb\" data-element_type=\"widget\" data-e-type=\"widget\" data-widget_type=\"heading.default\">\n\t\t\t\t<div class=\"elementor-widget-container\">\n\t\t\t\t\t<h2 class=\"elementor-heading-title elementor-size-default\">So gehen wir vor:<\/h2>\t\t\t\t<\/div>\n\t\t\t\t<\/div>\n\t\t\t\t<div class=\"elementor-element elementor-element-e608d02 elementor-widget elementor-widget-text-editor\" data-id=\"e608d02\" data-element_type=\"widget\" data-e-type=\"widget\" data-widget_type=\"text-editor.default\">\n\t\t\t\t<div class=\"elementor-widget-container\">\n\t\t\t\t\t\t\t\t\t<ul><li>Ersttermin zum pers\u00f6nlichen Kennenlernen<\/li><li>Problemanalyse<\/li><li>Erstellung eines individuellen Trainingsplans<\/li><li>Folgetermine um ggf. Fragen zu beantworten, Trainingsfortschritte zu besprechen oder den Trainingsplan anzupassen<\/li><li>Das Training findet sowohl vor Ort als auch in der Hundeschule statt<\/li><\/ul>\t\t\t\t\t\t\t\t<\/div>\n\t\t\t\t<\/div>\n\t\t\t\t\t<\/div>\n\t\t<\/div>\n\t\t\t\t\t<\/div>\n\t\t<\/section>\n\t\t\t\t\t<\/div>\n\t\t<\/div>\n\t\t\t\t\t<\/div>\n\t\t<\/section>\n\t\t\t\t<section class=\"elementor-section elementor-top-section elementor-element elementor-element-3a60df9 elementor-section-boxed elementor-section-height-default elementor-section-height-default\" data-id=\"3a60df9\" data-element_type=\"section\" data-e-type=\"section\" data-settings=\"{&quot;background_background&quot;:&quot;classic&quot;,&quot;shape_divider_top&quot;:&quot;mountains&quot;,&quot;shape_divider_bottom&quot;:&quot;mountains&quot;}\">\n\t\t\t\t\t<div class=\"elementor-shape elementor-shape-top\" aria-hidden=\"true\" data-negative=\"false\">\n\t\t\t<svg xmlns=\"http:\/\/www.w3.org\/2000\/svg\" viewBox=\"0 0 1000 100\" preserveAspectRatio=\"none\">\n\t<path class=\"elementor-shape-fill\" opacity=\"0.33\" d=\"M473,67.3c-203.9,88.3-263.1-34-320.3,0C66,119.1,0,59.7,0,59.7V0h1000v59.7 c0,0-62.1,26.1-94.9,29.3c-32.8,3.3-62.8-12.3-75.8-22.1C806,49.6,745.3,8.7,694.9,4.7S492.4,59,473,67.3z\"\/>\n\t<path class=\"elementor-shape-fill\" opacity=\"0.66\" d=\"M734,67.3c-45.5,0-77.2-23.2-129.1-39.1c-28.6-8.7-150.3-10.1-254,39.1 s-91.7-34.4-149.2,0C115.7,118.3,0,39.8,0,39.8V0h1000v36.5c0,0-28.2-18.5-92.1-18.5C810.2,18.1,775.7,67.3,734,67.3z\"\/>\n\t<path class=\"elementor-shape-fill\" d=\"M766.1,28.9c-200-57.5-266,65.5-395.1,19.5C242,1.8,242,5.4,184.8,20.6C128,35.8,132.3,44.9,89.9,52.5C28.6,63.7,0,0,0,0 h1000c0,0-9.9,40.9-83.6,48.1S829.6,47,766.1,28.9z\"\/>\n<\/svg>\t\t<\/div>\n\t\t\t\t<div class=\"elementor-shape elementor-shape-bottom\" aria-hidden=\"true\" data-negative=\"false\">\n\t\t\t<svg xmlns=\"http:\/\/www.w3.org\/2000\/svg\" viewBox=\"0 0 1000 100\" preserveAspectRatio=\"none\">\n\t<path class=\"elementor-shape-fill\" opacity=\"0.33\" d=\"M473,67.3c-203.9,88.3-263.1-34-320.3,0C66,119.1,0,59.7,0,59.7V0h1000v59.7 c0,0-62.1,26.1-94.9,29.3c-32.8,3.3-62.8-12.3-75.8-22.1C806,49.6,745.3,8.7,694.9,4.7S492.4,59,473,67.3z\"\/>\n\t<path class=\"elementor-shape-fill\" opacity=\"0.66\" d=\"M734,67.3c-45.5,0-77.2-23.2-129.1-39.1c-28.6-8.7-150.3-10.1-254,39.1 s-91.7-34.4-149.2,0C115.7,118.3,0,39.8,0,39.8V0h1000v36.5c0,0-28.2-18.5-92.1-18.5C810.2,18.1,775.7,67.3,734,67.3z\"\/>\n\t<path class=\"elementor-shape-fill\" d=\"M766.1,28.9c-200-57.5-266,65.5-395.1,19.5C242,1.8,242,5.4,184.8,20.6C128,35.8,132.3,44.9,89.9,52.5C28.6,63.7,0,0,0,0 h1000c0,0-9.9,40.9-83.6,48.1S829.6,47,766.1,28.9z\"\/>\n<\/svg>\t\t<\/div>\n\t\t\t\t\t<div class=\"elementor-container elementor-column-gap-default\">\n\t\t\t\t\t<div class=\"elementor-column elementor-col-100 elementor-top-column elementor-element elementor-element-d907993\" data-id=\"d907993\" data-element_type=\"column\" data-e-type=\"column\">\n\t\t\t<div class=\"elementor-widget-wrap elementor-element-populated\">\n\t\t\t\t\t\t<div class=\"elementor-element elementor-element-eb242ce animated-slow elementor-invisible elementor-widget elementor-widget-eael-creative-button\" data-id=\"eb242ce\" data-element_type=\"widget\" data-e-type=\"widget\" data-settings=\"{&quot;_animation&quot;:&quot;fadeInLeft&quot;}\" data-widget_type=\"eael-creative-button.default\">\n\t\t\t\t<div class=\"elementor-widget-container\">\n\t\t\t\t\t        <div class=\"eael-creative-button-wrapper\">\n\n            <a class=\"eael-creative-button eael-creative-button--rayen eael-cb-icon-position-\" href=\"https:\/\/hundeschule-kuhlmann.de\/index.php\/kontakt\/\" data-text=\"zum Kinderkurs\">\n            \t    \n                <div class=\"creative-button-inner\">\n\n                    \n                    <span class=\"cretive-button-text\">Jetzt anmelden<\/span>\n\n                                    <\/div>\n\t                        <\/a>\n        <\/div>\n        \t\t\t\t<\/div>\n\t\t\t\t<\/div>\n\t\t\t\t<section class=\"elementor-section elementor-inner-section elementor-element elementor-element-c252968 elementor-section-boxed elementor-section-height-default elementor-section-height-default\" data-id=\"c252968\" data-element_type=\"section\" data-e-type=\"section\">\n\t\t\t\t\t\t<div class=\"elementor-container elementor-column-gap-default\">\n\t\t\t\t\t<div class=\"elementor-column elementor-col-100 elementor-inner-column elementor-element elementor-element-923111a\" data-id=\"923111a\" data-element_type=\"column\" data-e-type=\"column\">\n\t\t\t<div class=\"elementor-widget-wrap elementor-element-populated\">\n\t\t\t\t\t\t<div class=\"elementor-element elementor-element-2b1a68f animated-slow elementor-widget elementor-widget-heading\" data-id=\"2b1a68f\" data-element_type=\"widget\" data-e-type=\"widget\" data-settings=\"{&quot;_animation&quot;:&quot;none&quot;}\" data-widget_type=\"heading.default\">\n\t\t\t\t<div class=\"elementor-widget-container\">\n\t\t\t\t\t<h2 class=\"elementor-heading-title elementor-size-default\">Die n\u00e4chsten Kursstart-Termine:<\/h2>\t\t\t\t<\/div>\n\t\t\t\t<\/div>\n\t\t\t\t<div class=\"elementor-element elementor-element-0f95616 elementor-widget elementor-widget-MEC\" data-id=\"0f95616\" data-element_type=\"widget\" data-e-type=\"widget\" data-widget_type=\"MEC.default\">\n\t\t\t\t<div class=\"elementor-widget-container\">\n\t\t\t\t\t<div class=\"mec-wrap mec-skin-grid-container  \" id=\"mec_skin_814\">\r\n\r\n    \r\n            <div class=\"mec-skin-grid-events-container\" id=\"mec_skin_events_814\">\r\n        <div class=\"mec-wrap colorskin-custom\">\r\n    <div class=\"mec-event-grid-minimal\" data-widget-autoplay=\"1\" data-widget-loop=\"1\" data-widget-autoplay-time=\"3000\">\r\n        <div class=\"row\"><div class=\"col-md-4 col-sm-4\"><article class=\" mec-event-article mec-clear  \" itemscope>                    <div class=\"mec-event-date mec-bg-color-hover mec-border-color-hover mec-color\"><span>16<\/span>Mai<\/div>\r\n            <div class=\"event-detail-wrap\">\r\n                <h4 class=\"mec-event-title\"><a class=\"mec-color-hover\" data-event-id=\"1345\" href=\"https:\/\/hundeschule-kuhlmann.de\/index.php\/events\/training-benimm-dich-8-987-755-793-584-252\/\" target=\"m1\" rel=\"noopener\">Gruppentraining- Grundkurs<\/a><\/h4>\r\n                                                <div class=\"mec-event-detail\">\r\n                    <div class=\"mec-event-loc-place\"><i class=\"mec-sl-location-pin\"><\/i>Hundeschule Kuhlmann<\/div>                                                                                                <\/div>\r\n            <\/div>\r\n        <\/article><\/div>        <div class=\"col-md-4 col-sm-4\"><article class=\" mec-event-article mec-clear  \" itemscope>                    <div class=\"mec-event-date mec-bg-color-hover mec-border-color-hover mec-color\"><span>16<\/span>Mai<\/div>\r\n            <div class=\"event-detail-wrap\">\r\n                <h4 class=\"mec-event-title\"><a class=\"mec-color-hover\" data-event-id=\"1346\" href=\"https:\/\/hundeschule-kuhlmann.de\/index.php\/events\/training-benimm-dich-8-987-509-105-953-918\/\" target=\"m1\" rel=\"noopener\">Gruppentraining &#8211; Fortgeschrittene<\/a><\/h4>\r\n                                                <div class=\"mec-event-detail\">\r\n                    <div class=\"mec-event-loc-place\"><i class=\"mec-sl-location-pin\"><\/i>Hundeschule Kuhlmann<\/div>                                                                                                <\/div>\r\n            <\/div>\r\n        <\/article><\/div>                <div class=\"col-md-4 col-sm-4\"><article class=\" mec-event-article mec-clear  \" itemscope>                    <div class=\"mec-event-date mec-bg-color-hover mec-border-color-hover mec-color\"><span>23<\/span>Mai<\/div>\r\n            <div class=\"event-detail-wrap\">\r\n                <h4 class=\"mec-event-title\"><a class=\"mec-color-hover\" data-event-id=\"1347\" href=\"https:\/\/hundeschule-kuhlmann.de\/index.php\/events\/training-benimm-dich-8-987-755-793-584-252-351\/\" target=\"m1\" rel=\"noopener\">Gruppentraining &#8211; Grundkurs<\/a><\/h4>\r\n                                                <div class=\"mec-event-detail\">\r\n                    <div class=\"mec-event-loc-place\"><i class=\"mec-sl-location-pin\"><\/i>Hundeschule Kuhlmann<\/div>                                                                                                <\/div>\r\n            <\/div>\r\n        <\/article><\/div><\/div>        <div class=\"row\"><div class=\"col-md-4 col-sm-4\"><article class=\" mec-event-article mec-clear  \" itemscope>                    <div class=\"mec-event-date mec-bg-color-hover mec-border-color-hover mec-color\"><span>23<\/span>Mai<\/div>\r\n            <div class=\"event-detail-wrap\">\r\n                <h4 class=\"mec-event-title\"><a class=\"mec-color-hover\" data-event-id=\"1348\" href=\"https:\/\/hundeschule-kuhlmann.de\/index.php\/events\/training-benimm-dich-8-987-509-105-953-918-411\/\" target=\"m1\" rel=\"noopener\">Gruppentraining &#8211; Fortgeschrittene<\/a><\/h4>\r\n                                                <div class=\"mec-event-detail\">\r\n                    <div class=\"mec-event-loc-place\"><i class=\"mec-sl-location-pin\"><\/i>Hundeschule Kuhlmann<\/div>                                                                                                <\/div>\r\n            <\/div>\r\n        <\/article><\/div>                <div class=\"col-md-4 col-sm-4\"><article class=\" mec-event-article mec-clear  \" itemscope>                    <div class=\"mec-event-date mec-bg-color-hover mec-border-color-hover mec-color\"><span>30<\/span>Mai<\/div>\r\n            <div class=\"event-detail-wrap\">\r\n                <h4 class=\"mec-event-title\"><a class=\"mec-color-hover\" data-event-id=\"1349\" href=\"https:\/\/hundeschule-kuhlmann.de\/index.php\/events\/training-benimm-dich-8-987-755-793-584-252-351-771\/\" target=\"m1\" rel=\"noopener\">Gruppentraining &#8211; Grundkurs<\/a><\/h4>\r\n                                                <div class=\"mec-event-detail\">\r\n                    <div class=\"mec-event-loc-place\"><i class=\"mec-sl-location-pin\"><\/i>Hundeschule Kuhlmann<\/div>                                                                                                <\/div>\r\n            <\/div>\r\n        <\/article><\/div>        <div class=\"col-md-4 col-sm-4\"><article class=\" mec-event-article mec-clear  \" itemscope>                    <div class=\"mec-event-date mec-bg-color-hover mec-border-color-hover mec-color\"><span>30<\/span>Mai<\/div>\r\n            <div class=\"event-detail-wrap\">\r\n                <h4 class=\"mec-event-title\"><a class=\"mec-color-hover\" data-event-id=\"1350\" href=\"https:\/\/hundeschule-kuhlmann.de\/index.php\/events\/training-benimm-dich-8-987-509-105-953-918-411-601\/\" target=\"m1\" rel=\"noopener\">Gruppentraining &#8211; Fortgeschrittene<\/a><\/h4>\r\n                                                <div class=\"mec-event-detail\">\r\n                    <div class=\"mec-event-loc-place\"><i class=\"mec-sl-location-pin\"><\/i>Hundeschule Kuhlmann<\/div>                                                                                                <\/div>\r\n            <\/div>\r\n        <\/article><\/div><\/div>                        \t<\/div>\r\n<\/div>\r\n\r\n    <\/div>\r\n    <div class=\"mec-skin-grid-no-events-container mec-util-hidden\" id=\"mec_skin_no_events_814\">\r\n        Keine Veranstaltung gefunden    <\/div>\r\n    \r\n    \r\n<\/div>\r\n\t\t\t\t<\/div>\n\t\t\t\t<\/div>\n\t\t\t\t\t<\/div>\n\t\t<\/div>\n\t\t\t\t\t<\/div>\n\t\t<\/section>\n\t\t\t\t\t<\/div>\n\t\t<\/div>\n\t\t\t\t\t<\/div>\n\t\t<\/section>\n\t\t\t\t<\/div>\n\t\t","protected":false},"excerpt":{"rendered":"<p>Einzeltraining Nur Du und Dein Hund im Mittelpunkt Beim Einzeltraining stehen nur Du und Deine Fellnase im Mittelpunkt. Wenn Du intensiv trainieren m\u00f6chtest oder eine ganz besondere und individuelle Herausforderung aus dem Alltag mit Deinem Hund angehen m\u00f6chtest, dann ist eine Einzelstunde genau das Richtige f\u00fcr Euch. Im Ersttermin lernen wir uns kennen und besprechen [&hellip;]<\/p>\n","protected":false},"author":2,"featured_media":0,"parent":0,"menu_order":0,"comment_status":"closed","ping_status":"closed","template":"elementor_header_footer","meta":{"footnotes":""},"class_list":["post-376","page","type-page","status-publish","hentry"],"_links":{"self":[{"href":"https:\/\/hundeschule-kuhlmann.de\/index.php\/wp-json\/wp\/v2\/pages\/376","targetHints":{"allow":["GET"]}}],"collection":[{"href":"https:\/\/hundeschule-kuhlmann.de\/index.php\/wp-json\/wp\/v2\/pages"}],"about":[{"href":"https:\/\/hundeschule-kuhlmann.de\/index.php\/wp-json\/wp\/v2\/types\/page"}],"author":[{"embeddable":true,"href":"https:\/\/hundeschule-kuhlmann.de\/index.php\/wp-json\/wp\/v2\/users\/2"}],"replies":[{"embeddable":true,"href":"https:\/\/hundeschule-kuhlmann.de\/index.php\/wp-json\/wp\/v2\/comments?post=376"}],"version-history":[{"count":25,"href":"https:\/\/hundeschule-kuhlmann.de\/index.php\/wp-json\/wp\/v2\/pages\/376\/revisions"}],"predecessor-version":[{"id":1548,"href":"https:\/\/hundeschule-kuhlmann.de\/index.php\/wp-json\/wp\/v2\/pages\/376\/revisions\/1548"}],"wp:attachment":[{"href":"https:\/\/hundeschule-kuhlmann.de\/index.php\/wp-json\/wp\/v2\/media?parent=376"}],"curies":[{"name":"wp","href":"https:\/\/api.w.org\/{rel}","templated":true}]}}