{"id":587,"date":"2022-05-23T17:45:51","date_gmt":"2022-05-23T15:45:51","guid":{"rendered":"https:\/\/hundeschule-kuhlmann.de\/?page_id=587"},"modified":"2026-04-23T20:06:34","modified_gmt":"2026-04-23T18:06:34","slug":"hundepension","status":"publish","type":"page","link":"https:\/\/hundeschule-kuhlmann.de\/index.php\/hundepension\/","title":{"rendered":"Hundepension"},"content":{"rendered":"\t\t<div data-elementor-type=\"wp-page\" data-elementor-id=\"587\" class=\"elementor elementor-587\" data-elementor-post-type=\"page\">\n\t\t\t\t\t\t<section class=\"elementor-section elementor-top-section elementor-element elementor-element-b66761b elementor-section-boxed elementor-section-height-default elementor-section-height-default\" data-id=\"b66761b\" data-element_type=\"section\" data-e-type=\"section\" data-settings=\"{&quot;background_background&quot;:&quot;classic&quot;,&quot;shape_divider_bottom&quot;:&quot;mountains&quot;}\">\n\t\t\t\t\t<div class=\"elementor-shape elementor-shape-bottom\" aria-hidden=\"true\" data-negative=\"false\">\n\t\t\t<svg xmlns=\"http:\/\/www.w3.org\/2000\/svg\" viewBox=\"0 0 1000 100\" preserveAspectRatio=\"none\">\n\t<path class=\"elementor-shape-fill\" opacity=\"0.33\" d=\"M473,67.3c-203.9,88.3-263.1-34-320.3,0C66,119.1,0,59.7,0,59.7V0h1000v59.7 c0,0-62.1,26.1-94.9,29.3c-32.8,3.3-62.8-12.3-75.8-22.1C806,49.6,745.3,8.7,694.9,4.7S492.4,59,473,67.3z\"\/>\n\t<path class=\"elementor-shape-fill\" opacity=\"0.66\" d=\"M734,67.3c-45.5,0-77.2-23.2-129.1-39.1c-28.6-8.7-150.3-10.1-254,39.1 s-91.7-34.4-149.2,0C115.7,118.3,0,39.8,0,39.8V0h1000v36.5c0,0-28.2-18.5-92.1-18.5C810.2,18.1,775.7,67.3,734,67.3z\"\/>\n\t<path class=\"elementor-shape-fill\" d=\"M766.1,28.9c-200-57.5-266,65.5-395.1,19.5C242,1.8,242,5.4,184.8,20.6C128,35.8,132.3,44.9,89.9,52.5C28.6,63.7,0,0,0,0 h1000c0,0-9.9,40.9-83.6,48.1S829.6,47,766.1,28.9z\"\/>\n<\/svg>\t\t<\/div>\n\t\t\t\t\t<div class=\"elementor-container elementor-column-gap-default\">\n\t\t\t\t\t<div class=\"elementor-column elementor-col-100 elementor-top-column elementor-element elementor-element-e45b3ad\" data-id=\"e45b3ad\" data-element_type=\"column\" data-e-type=\"column\">\n\t\t\t<div class=\"elementor-widget-wrap elementor-element-populated\">\n\t\t\t\t\t\t<section class=\"elementor-section elementor-inner-section elementor-element elementor-element-a8d022a elementor-section-boxed elementor-section-height-default elementor-section-height-default\" data-id=\"a8d022a\" data-element_type=\"section\" data-e-type=\"section\">\n\t\t\t\t\t\t<div class=\"elementor-container elementor-column-gap-default\">\n\t\t\t\t\t<div class=\"elementor-column elementor-col-100 elementor-inner-column elementor-element elementor-element-46b9521\" data-id=\"46b9521\" data-element_type=\"column\" data-e-type=\"column\">\n\t\t\t<div class=\"elementor-widget-wrap elementor-element-populated\">\n\t\t\t\t\t\t<div class=\"elementor-element elementor-element-7ab8e72 elementor-widget elementor-widget-heading\" data-id=\"7ab8e72\" data-element_type=\"widget\" data-e-type=\"widget\" data-settings=\"{&quot;_animation&quot;:&quot;none&quot;}\" data-widget_type=\"heading.default\">\n\t\t\t\t<div class=\"elementor-widget-container\">\n\t\t\t\t\t<h1 class=\"elementor-heading-title elementor-size-default\">Hundepension &amp; Hundetagesst\u00e4tte Kuhlmann<\/h1>\t\t\t\t<\/div>\n\t\t\t\t<\/div>\n\t\t\t\t<div class=\"elementor-element elementor-element-f36cb39 elementor-widget elementor-widget-text-editor\" data-id=\"f36cb39\" data-element_type=\"widget\" data-e-type=\"widget\" data-widget_type=\"text-editor.default\">\n\t\t\t\t<div class=\"elementor-widget-container\">\n\t\t\t\t\t\t\t\t\t<p>In unserer <strong>Hundepension<\/strong> sorgen wir nicht nur f\u00fcr ein <strong>liebevolles Umfeld<\/strong> f\u00fcr Ihre Fellnase!<\/p>\n<p>Durch die besondere, l\u00e4ndliche Lage bei Greiz stehen t\u00e4gliche Spazierg\u00e4nge \u00fcber ruhige Feldwege und durch den direkt angrenzenden Wald auf dem Programm.<br>Ebenso sorgen eine extra &#8222;Tobezeit&#8220; auf unserem <strong>eingez\u00e4unten Hundeplatz<\/strong> u. <strong>Freilauf im Pensionsgarten<\/strong> f\u00fcr Abwechslung und viel Spa\u00df w\u00e4hrend des Aufenthaltes Ihrer Fellnase!<\/p>\n<p>Max. 5-10 Hunde werden bei uns zeitgleich umsorgt.&nbsp;<\/p>\n<p>Beim Toben und Spielen achten wir darauf, dass gr\u00f6\u00dfere Hunde die Kleinen nicht \u00fcberrennen, <em><strong>Sicherheit wird bei uns gro\u00df geschrieben!!<\/strong><\/em><\/p>\n<p>Durch die eingebaute Hundeklappe d\u00fcrfen unsere G\u00e4ste tags\u00fcber selber entscheiden, ob sie&nbsp; im klimatisierten und &#8211; je nach Jahreszeit &#8211; beheizten Innenraum bleiben oder sich im noch im <strong>Pensionsgarten<\/strong> aufhalten.<\/p>\n<p>Abends werden dann alle Hunde in den Innenraum gebracht und die Hundeklappe wird geschlossen.<\/p>\n<p>Gerne darf jeder Hund von zu Hause seine Lieblingsdecke, sein Kissen oder K\u00f6rbchen mitbringen &#8211; sie sollen sich nat\u00fcrlich auch in der Nacht bei uns wohl f\u00fchlen!<\/p>\n<p>Die gesamte Hundepension wird zus\u00e4tzlich mit Kameras \u00fcberwacht, so dass wir stets einen Einblick haben, ob auch wirklich alles in Ordnung ist!&nbsp;<\/p>\n<p>Wichtig: bei uns gibt es <strong>KEINE Zwingerhaltung<\/strong>!<\/p>\n<p>Ein pers\u00f6nliches Angebot erstellen wir gern auf Anfrage.<\/p>\n<p>Bitte teilen Sie uns dabei unbedingt die <strong>Aufenthaltsdauer<\/strong>, den <strong>Zeitraum<\/strong> und die <strong>Gr\u00f6\u00dfe Ihres Hundes<\/strong> mit!<\/p>\n<p><strong>Am besten nutzen Sie einfach unser <a href=\"https:\/\/hundeschule-kuhlmann.de\/index.php\/kontakt#formular\">Kontaktformular<\/a>!<\/strong><\/p>\t\t\t\t\t\t\t\t<\/div>\n\t\t\t\t<\/div>\n\t\t\t\t<div class=\"elementor-element elementor-element-285ce43 elementor-skin-slideshow elementor-arrows-yes elementor-widget elementor-widget-media-carousel\" data-id=\"285ce43\" data-element_type=\"widget\" data-e-type=\"widget\" data-settings=\"{&quot;skin&quot;:&quot;slideshow&quot;,&quot;slideshow_slides_per_view&quot;:&quot;7&quot;,&quot;effect&quot;:&quot;slide&quot;,&quot;show_arrows&quot;:&quot;yes&quot;,&quot;speed&quot;:500,&quot;autoplay&quot;:&quot;yes&quot;,&quot;autoplay_speed&quot;:5000,&quot;loop&quot;:&quot;yes&quot;,&quot;pause_on_hover&quot;:&quot;yes&quot;,&quot;pause_on_interaction&quot;:&quot;yes&quot;,&quot;space_between&quot;:{&quot;unit&quot;:&quot;px&quot;,&quot;size&quot;:10,&quot;sizes&quot;:[]},&quot;space_between_tablet&quot;:{&quot;unit&quot;:&quot;px&quot;,&quot;size&quot;:10,&quot;sizes&quot;:[]},&quot;space_between_mobile&quot;:{&quot;unit&quot;:&quot;px&quot;,&quot;size&quot;:10,&quot;sizes&quot;:[]}}\" data-widget_type=\"media-carousel.default\">\n\t\t\t\t<div class=\"elementor-widget-container\">\n\t\t\t\t\t\t\t\t\t<div class=\"elementor-swiper\">\n\t\t\t\t\t<div class=\"elementor-main-swiper swiper\" role=\"region\" aria-roledescription=\"carousel\" aria-label=\"Slider\">\n\t\t\t\t<div class=\"swiper-wrapper\">\n\t\t\t\t\t\t\t\t\t\t\t<div class=\"swiper-slide\" role=\"group\" aria-roledescription=\"slide\">\n\t\t\t\t\t\t\t\t\t<div class=\"elementor-carousel-image\" role=\"img\" aria-label=\"Hundepension Kuhlmann Innenansicht\" style=\"background-image: url(&#039;https:\/\/hundeschule-kuhlmann.de\/wp-content\/uploads\/2022\/06\/Hundepension-2-9-scaled.jpg&#039;)\">\n\n\t\t\t\n\t\t\t\t\t<\/div>\n\t\t\t\t\t\t\t\t<\/div>\n\t\t\t\t\t\t\t\t\t\t\t<div class=\"swiper-slide\" role=\"group\" aria-roledescription=\"slide\">\n\t\t\t\t\t\t\t\t\t<div class=\"elementor-carousel-image\" role=\"img\" aria-label=\"Hundepension Kuhlmann Aussenansicht\" style=\"background-image: url(&#039;https:\/\/hundeschule-kuhlmann.de\/wp-content\/uploads\/2022\/06\/20220611_135456-scaled.jpg&#039;)\">\n\n\t\t\t\n\t\t\t\t\t<\/div>\n\t\t\t\t\t\t\t\t<\/div>\n\t\t\t\t\t\t\t\t\t\t\t<div class=\"swiper-slide\" role=\"group\" aria-roledescription=\"slide\">\n\t\t\t\t\t\t\t\t\t<div class=\"elementor-carousel-image\" role=\"img\" aria-label=\"Hundepension Kuhlmann Garten und Freifl\u00e4che\" style=\"background-image: url(&#039;https:\/\/hundeschule-kuhlmann.de\/wp-content\/uploads\/2022\/06\/20220611_135550-scaled.jpg&#039;)\">\n\n\t\t\t\n\t\t\t\t\t<\/div>\n\t\t\t\t\t\t\t\t<\/div>\n\t\t\t\t\t\t\t\t\t\t\t<div class=\"swiper-slide\" role=\"group\" aria-roledescription=\"slide\">\n\t\t\t\t\t\t\t\t\t<div class=\"elementor-carousel-image\" role=\"img\" aria-label=\"Hundepension Kuhlmann Innenansicht - 2 Boxen\" style=\"background-image: url(&#039;https:\/\/hundeschule-kuhlmann.de\/wp-content\/uploads\/2022\/06\/Hundepension-2-1-scaled.jpg&#039;)\">\n\n\t\t\t\n\t\t\t\t\t<\/div>\n\t\t\t\t\t\t\t\t<\/div>\n\t\t\t\t\t\t\t\t\t\t\t<div class=\"swiper-slide\" role=\"group\" aria-roledescription=\"slide\">\n\t\t\t\t\t\t\t\t\t<div class=\"elementor-carousel-image\" role=\"img\" aria-label=\"Hundepension Kuhlmann Innenansicht\" style=\"background-image: url(&#039;https:\/\/hundeschule-kuhlmann.de\/wp-content\/uploads\/2022\/06\/Hundepension-2-4-scaled.jpg&#039;)\">\n\n\t\t\t\n\t\t\t\t\t<\/div>\n\t\t\t\t\t\t\t\t<\/div>\n\t\t\t\t\t\t\t\t\t\t\t<div class=\"swiper-slide\" role=\"group\" aria-roledescription=\"slide\">\n\t\t\t\t\t\t\t\t\t<div class=\"elementor-carousel-image\" role=\"img\" aria-label=\"Hundepension Kuhlmann Innenansicht\" style=\"background-image: url(&#039;https:\/\/hundeschule-kuhlmann.de\/wp-content\/uploads\/2022\/06\/Hundepension-2-5-scaled.jpg&#039;)\">\n\n\t\t\t\n\t\t\t\t\t<\/div>\n\t\t\t\t\t\t\t\t<\/div>\n\t\t\t\t\t\t\t\t\t\t\t<div class=\"swiper-slide\" role=\"group\" aria-roledescription=\"slide\">\n\t\t\t\t\t\t\t\t\t<div class=\"elementor-carousel-image\" role=\"img\" aria-label=\"Hundepension Kuhlmann Emma verreist\" style=\"background-image: url(&#039;https:\/\/hundeschule-kuhlmann.de\/wp-content\/uploads\/2022\/05\/3H0A9689.jpg&#039;)\">\n\n\t\t\t\n\t\t\t\t\t<\/div>\n\t\t\t\t\t\t\t\t<\/div>\n\t\t\t\t\t\t\t\t\t<\/div>\n\t\t\t\t\t\t\t\t\t\t\t\t\t\t\t<div class=\"elementor-swiper-button elementor-swiper-button-prev\" role=\"button\" tabindex=\"0\" aria-label=\"Voriger\">\n\t\t\t\t\t\t\t<i aria-hidden=\"true\" class=\"eicon-chevron-left\"><\/i>\t\t\t\t\t\t<\/div>\n\t\t\t\t\t\t<div class=\"elementor-swiper-button elementor-swiper-button-next\" role=\"button\" tabindex=\"0\" aria-label=\"N\u00e4chster\">\n\t\t\t\t\t\t\t<i aria-hidden=\"true\" class=\"eicon-chevron-right\"><\/i>\t\t\t\t\t\t<\/div>\n\t\t\t\t\t\t\t\t\t\t\t\t\t\t\t\t\t<\/div>\n\t\t\t\t<\/div>\n\t\t\t\t\t\t\t\t<div class=\"elementor-swiper\">\n\t\t\t\t\t<div class=\"elementor-main-swiper swiper elementor-thumbnails-swiper swiper\" role=\"region region\" aria-roledescription=\"carousel carousel\" aria-label=\"Slider Slider\">\n\t\t\t\t<div class=\"swiper-wrapper\">\n\t\t\t\t\t\t\t\t\t\t\t<div class=\"swiper-slide\" role=\"group\" aria-roledescription=\"slide\">\n\t\t\t\t\t\t\t\t\t<div class=\"elementor-carousel-image\" role=\"img\" aria-label=\"Hundepension Kuhlmann Innenansicht\" style=\"background-image: url(&#039;https:\/\/hundeschule-kuhlmann.de\/wp-content\/uploads\/2022\/06\/Hundepension-2-9-scaled.jpg&#039;)\">\n\n\t\t\t\n\t\t\t\t\t<\/div>\n\t\t\t\t\t\t\t\t<\/div>\n\t\t\t\t\t\t\t\t\t\t\t<div class=\"swiper-slide\" role=\"group\" aria-roledescription=\"slide\">\n\t\t\t\t\t\t\t\t\t<div class=\"elementor-carousel-image\" role=\"img\" aria-label=\"Hundepension Kuhlmann Aussenansicht\" style=\"background-image: url(&#039;https:\/\/hundeschule-kuhlmann.de\/wp-content\/uploads\/2022\/06\/20220611_135456-scaled.jpg&#039;)\">\n\n\t\t\t\n\t\t\t\t\t<\/div>\n\t\t\t\t\t\t\t\t<\/div>\n\t\t\t\t\t\t\t\t\t\t\t<div class=\"swiper-slide\" role=\"group\" aria-roledescription=\"slide\">\n\t\t\t\t\t\t\t\t\t<div class=\"elementor-carousel-image\" role=\"img\" aria-label=\"Hundepension Kuhlmann Garten und Freifl\u00e4che\" style=\"background-image: url(&#039;https:\/\/hundeschule-kuhlmann.de\/wp-content\/uploads\/2022\/06\/20220611_135550-scaled.jpg&#039;)\">\n\n\t\t\t\n\t\t\t\t\t<\/div>\n\t\t\t\t\t\t\t\t<\/div>\n\t\t\t\t\t\t\t\t\t\t\t<div class=\"swiper-slide\" role=\"group\" aria-roledescription=\"slide\">\n\t\t\t\t\t\t\t\t\t<div class=\"elementor-carousel-image\" role=\"img\" aria-label=\"Hundepension Kuhlmann Innenansicht - 2 Boxen\" style=\"background-image: url(&#039;https:\/\/hundeschule-kuhlmann.de\/wp-content\/uploads\/2022\/06\/Hundepension-2-1-scaled.jpg&#039;)\">\n\n\t\t\t\n\t\t\t\t\t<\/div>\n\t\t\t\t\t\t\t\t<\/div>\n\t\t\t\t\t\t\t\t\t\t\t<div class=\"swiper-slide\" role=\"group\" aria-roledescription=\"slide\">\n\t\t\t\t\t\t\t\t\t<div class=\"elementor-carousel-image\" role=\"img\" aria-label=\"Hundepension Kuhlmann Innenansicht\" style=\"background-image: url(&#039;https:\/\/hundeschule-kuhlmann.de\/wp-content\/uploads\/2022\/06\/Hundepension-2-4-scaled.jpg&#039;)\">\n\n\t\t\t\n\t\t\t\t\t<\/div>\n\t\t\t\t\t\t\t\t<\/div>\n\t\t\t\t\t\t\t\t\t\t\t<div class=\"swiper-slide\" role=\"group\" aria-roledescription=\"slide\">\n\t\t\t\t\t\t\t\t\t<div class=\"elementor-carousel-image\" role=\"img\" aria-label=\"Hundepension Kuhlmann Innenansicht\" style=\"background-image: url(&#039;https:\/\/hundeschule-kuhlmann.de\/wp-content\/uploads\/2022\/06\/Hundepension-2-5-scaled.jpg&#039;)\">\n\n\t\t\t\n\t\t\t\t\t<\/div>\n\t\t\t\t\t\t\t\t<\/div>\n\t\t\t\t\t\t\t\t\t\t\t<div class=\"swiper-slide\" role=\"group\" aria-roledescription=\"slide\">\n\t\t\t\t\t\t\t\t\t<div class=\"elementor-carousel-image\" role=\"img\" aria-label=\"Hundepension Kuhlmann Emma verreist\" style=\"background-image: url(&#039;https:\/\/hundeschule-kuhlmann.de\/wp-content\/uploads\/2022\/05\/3H0A9689.jpg&#039;)\">\n\n\t\t\t\n\t\t\t\t\t<\/div>\n\t\t\t\t\t\t\t\t<\/div>\n\t\t\t\t\t\t\t\t\t<\/div>\n\t\t\t\t\t\t\t\t\t\t\t\t\t\t\t\t\t\t\t\t\t<\/div>\n\t\t\t\t<\/div>\n\t\t\t\t\t\t\t\t<\/div>\n\t\t\t\t<\/div>\n\t\t\t\t\t<\/div>\n\t\t<\/div>\n\t\t\t\t\t<\/div>\n\t\t<\/section>\n\t\t\t\t\t<\/div>\n\t\t<\/div>\n\t\t\t\t\t<\/div>\n\t\t<\/section>\n\t\t\t\t<section class=\"elementor-section elementor-top-section elementor-element elementor-element-8e02b79 elementor-section-boxed elementor-section-height-default elementor-section-height-default\" data-id=\"8e02b79\" data-element_type=\"section\" data-e-type=\"section\" data-settings=\"{&quot;background_background&quot;:&quot;classic&quot;,&quot;shape_divider_top&quot;:&quot;mountains&quot;,&quot;shape_divider_bottom&quot;:&quot;mountains&quot;}\">\n\t\t\t\t\t<div class=\"elementor-shape elementor-shape-top\" aria-hidden=\"true\" data-negative=\"false\">\n\t\t\t<svg xmlns=\"http:\/\/www.w3.org\/2000\/svg\" viewBox=\"0 0 1000 100\" preserveAspectRatio=\"none\">\n\t<path class=\"elementor-shape-fill\" opacity=\"0.33\" d=\"M473,67.3c-203.9,88.3-263.1-34-320.3,0C66,119.1,0,59.7,0,59.7V0h1000v59.7 c0,0-62.1,26.1-94.9,29.3c-32.8,3.3-62.8-12.3-75.8-22.1C806,49.6,745.3,8.7,694.9,4.7S492.4,59,473,67.3z\"\/>\n\t<path class=\"elementor-shape-fill\" opacity=\"0.66\" d=\"M734,67.3c-45.5,0-77.2-23.2-129.1-39.1c-28.6-8.7-150.3-10.1-254,39.1 s-91.7-34.4-149.2,0C115.7,118.3,0,39.8,0,39.8V0h1000v36.5c0,0-28.2-18.5-92.1-18.5C810.2,18.1,775.7,67.3,734,67.3z\"\/>\n\t<path class=\"elementor-shape-fill\" d=\"M766.1,28.9c-200-57.5-266,65.5-395.1,19.5C242,1.8,242,5.4,184.8,20.6C128,35.8,132.3,44.9,89.9,52.5C28.6,63.7,0,0,0,0 h1000c0,0-9.9,40.9-83.6,48.1S829.6,47,766.1,28.9z\"\/>\n<\/svg>\t\t<\/div>\n\t\t\t\t<div class=\"elementor-shape elementor-shape-bottom\" aria-hidden=\"true\" data-negative=\"false\">\n\t\t\t<svg xmlns=\"http:\/\/www.w3.org\/2000\/svg\" viewBox=\"0 0 1000 100\" preserveAspectRatio=\"none\">\n\t<path class=\"elementor-shape-fill\" opacity=\"0.33\" d=\"M473,67.3c-203.9,88.3-263.1-34-320.3,0C66,119.1,0,59.7,0,59.7V0h1000v59.7 c0,0-62.1,26.1-94.9,29.3c-32.8,3.3-62.8-12.3-75.8-22.1C806,49.6,745.3,8.7,694.9,4.7S492.4,59,473,67.3z\"\/>\n\t<path class=\"elementor-shape-fill\" opacity=\"0.66\" d=\"M734,67.3c-45.5,0-77.2-23.2-129.1-39.1c-28.6-8.7-150.3-10.1-254,39.1 s-91.7-34.4-149.2,0C115.7,118.3,0,39.8,0,39.8V0h1000v36.5c0,0-28.2-18.5-92.1-18.5C810.2,18.1,775.7,67.3,734,67.3z\"\/>\n\t<path class=\"elementor-shape-fill\" d=\"M766.1,28.9c-200-57.5-266,65.5-395.1,19.5C242,1.8,242,5.4,184.8,20.6C128,35.8,132.3,44.9,89.9,52.5C28.6,63.7,0,0,0,0 h1000c0,0-9.9,40.9-83.6,48.1S829.6,47,766.1,28.9z\"\/>\n<\/svg>\t\t<\/div>\n\t\t\t\t\t<div class=\"elementor-container elementor-column-gap-default\">\n\t\t\t\t\t<div class=\"elementor-column elementor-col-100 elementor-top-column elementor-element elementor-element-d46ee78\" data-id=\"d46ee78\" data-element_type=\"column\" data-e-type=\"column\">\n\t\t\t<div class=\"elementor-widget-wrap elementor-element-populated\">\n\t\t\t\t\t\t<section class=\"elementor-section elementor-inner-section elementor-element elementor-element-749c785 elementor-section-content-middle elementor-section-boxed elementor-section-height-default elementor-section-height-default\" data-id=\"749c785\" data-element_type=\"section\" data-e-type=\"section\">\n\t\t\t\t\t\t<div class=\"elementor-container elementor-column-gap-default\">\n\t\t\t\t\t<div class=\"elementor-column elementor-col-50 elementor-inner-column elementor-element elementor-element-8afd905\" data-id=\"8afd905\" data-element_type=\"column\" data-e-type=\"column\" data-settings=\"{&quot;background_background&quot;:&quot;classic&quot;}\">\n\t\t\t<div class=\"elementor-widget-wrap elementor-element-populated\">\n\t\t\t\t\t\t<div class=\"elementor-element elementor-element-5642395 elementor-widget elementor-widget-heading\" data-id=\"5642395\" data-element_type=\"widget\" data-e-type=\"widget\" data-widget_type=\"heading.default\">\n\t\t\t\t<div class=\"elementor-widget-container\">\n\t\t\t\t\t<h2 class=\"elementor-heading-title elementor-size-default\">Futter &amp; Eingew\u00f6hnung:<\/h2>\t\t\t\t<\/div>\n\t\t\t\t<\/div>\n\t\t\t\t<div class=\"elementor-element elementor-element-fa1f624 elementor-widget elementor-widget-text-editor\" data-id=\"fa1f624\" data-element_type=\"widget\" data-e-type=\"widget\" data-widget_type=\"text-editor.default\">\n\t\t\t\t<div class=\"elementor-widget-container\">\n\t\t\t\t\t\t\t\t\t<ul><li>Ob Trockenfutter, Nassfutter oder auch ein Leberwurstbrot, jeder Hund bekommt w\u00e4hrend seines Aufenthaltes bei uns das Futter, das er kennt und das er gew\u00f6hnt ist.<\/li><li>Daf\u00fcr steht eine separate Futterk\u00fcche zur Verf\u00fcgung, in der jeder Hund f\u00fcr sich die Zeit bekommt, SEIN Futter in Ruhe zu fressen.<\/li><li>Sollte Ihr Hund noch keine Erfahrung in einer Hundepension gesammelt haben, bieten wir Ihnen einen Probeaufenthalt mit einer \u00dcbernachtung an (ausschl. Mo.-Do.)<\/li><li>Au\u00dferdem ist uns ein <strong>pers\u00f6nliches Kennenlernen vor Ihrer Erstbuchung<\/strong> besonders wichtig!<\/li><\/ul>\t\t\t\t\t\t\t\t<\/div>\n\t\t\t\t<\/div>\n\t\t\t\t\t<\/div>\n\t\t<\/div>\n\t\t\t\t<div class=\"elementor-column elementor-col-50 elementor-inner-column elementor-element elementor-element-0ab0e94\" data-id=\"0ab0e94\" data-element_type=\"column\" data-e-type=\"column\" data-settings=\"{&quot;background_background&quot;:&quot;classic&quot;}\">\n\t\t\t<div class=\"elementor-widget-wrap elementor-element-populated\">\n\t\t\t\t\t\t<div class=\"elementor-element elementor-element-d6ac3a4 elementor-widget elementor-widget-heading\" data-id=\"d6ac3a4\" data-element_type=\"widget\" data-e-type=\"widget\" data-widget_type=\"heading.default\">\n\t\t\t\t<div class=\"elementor-widget-container\">\n\t\t\t\t\t<h2 class=\"elementor-heading-title elementor-size-default\">Wichtig:<\/h2>\t\t\t\t<\/div>\n\t\t\t\t<\/div>\n\t\t\t\t<div class=\"elementor-element elementor-element-0c7b19a elementor-widget elementor-widget-text-editor\" data-id=\"0c7b19a\" data-element_type=\"widget\" data-e-type=\"widget\" data-widget_type=\"text-editor.default\">\n\t\t\t\t<div class=\"elementor-widget-container\">\n\t\t\t\t\t\t\t\t\t<p><strong>Bevor Ihr Hund seinen Aufenthalt bei uns beginnt, bitten wir Sie, uns folgende Nachweise vorzulegen &#8211; auch zum Schutz Ihres eigenen Hundes:<\/strong><\/p><ul><li>EU-Heimtierausweis, aktueller Impfstatus<\/li><li>Hunde-Haftpflichtversicherung<\/li><li>aktuelle Wurmkur (ca. 1 Woche vor Besuch der Hundepension) bzw. Nachweis v. Tierarzt\/Labor \u00fcber entsprechende Kotuntersuchung<\/li><li>Flohprophylaxe<\/li><li>L\u00e4ufige H\u00fcndinnen k\u00f6nnen wir leider nicht aufnehmen. <br \/>Sollte Ihre H\u00fcndin w\u00e4hrend des Aufenthaltes bei uns l\u00e4ufig werden, bitten wir Sie, sie schnellstm\u00f6glich abzuholen. Bis dahin werden wir sie von den anderen Hunden trennen.<\/li><\/ul>\t\t\t\t\t\t\t\t<\/div>\n\t\t\t\t<\/div>\n\t\t\t\t\t<\/div>\n\t\t<\/div>\n\t\t\t\t\t<\/div>\n\t\t<\/section>\n\t\t\t\t<div class=\"elementor-element elementor-element-c0f9873 animated-slow elementor-invisible elementor-widget elementor-widget-eael-creative-button\" data-id=\"c0f9873\" data-element_type=\"widget\" data-e-type=\"widget\" data-settings=\"{&quot;_animation&quot;:&quot;fadeInLeft&quot;}\" data-widget_type=\"eael-creative-button.default\">\n\t\t\t\t<div class=\"elementor-widget-container\">\n\t\t\t\t\t        <div class=\"eael-creative-button-wrapper\">\n\n            <a class=\"eael-creative-button eael-creative-button--rayen eael-cb-icon-position-\" href=\"https:\/\/hundeschule-kuhlmann.de\/index.php\/kontakt\/\" data-text=\"Jetzt anfragen\">\n            \t    \n                <div class=\"creative-button-inner\">\n\n                    \n                    <span class=\"cretive-button-text\">Jetzt anfragen<\/span>\n\n                                    <\/div>\n\t                        <\/a>\n        <\/div>\n        \t\t\t\t<\/div>\n\t\t\t\t<\/div>\n\t\t\t\t\t<\/div>\n\t\t<\/div>\n\t\t\t\t\t<\/div>\n\t\t<\/section>\n\t\t\t\t<\/div>\n\t\t","protected":false},"excerpt":{"rendered":"<p>Hundepension &amp; Hundetagesst\u00e4tte Kuhlmann In unserer Hundepension sorgen wir nicht nur f\u00fcr ein liebevolles Umfeld f\u00fcr Ihre Fellnase! Durch die besondere, l\u00e4ndliche Lage bei Greiz stehen t\u00e4gliche Spazierg\u00e4nge \u00fcber ruhige Feldwege und durch den direkt angrenzenden Wald auf dem Programm.Ebenso sorgen eine extra &#8222;Tobezeit&#8220; auf unserem eingez\u00e4unten Hundeplatz u. Freilauf im Pensionsgarten f\u00fcr Abwechslung und [&hellip;]<\/p>\n","protected":false},"author":2,"featured_media":0,"parent":0,"menu_order":0,"comment_status":"closed","ping_status":"closed","template":"elementor_header_footer","meta":{"footnotes":""},"class_list":["post-587","page","type-page","status-publish","hentry"],"_links":{"self":[{"href":"https:\/\/hundeschule-kuhlmann.de\/index.php\/wp-json\/wp\/v2\/pages\/587","targetHints":{"allow":["GET"]}}],"collection":[{"href":"https:\/\/hundeschule-kuhlmann.de\/index.php\/wp-json\/wp\/v2\/pages"}],"about":[{"href":"https:\/\/hundeschule-kuhlmann.de\/index.php\/wp-json\/wp\/v2\/types\/page"}],"author":[{"embeddable":true,"href":"https:\/\/hundeschule-kuhlmann.de\/index.php\/wp-json\/wp\/v2\/users\/2"}],"replies":[{"embeddable":true,"href":"https:\/\/hundeschule-kuhlmann.de\/index.php\/wp-json\/wp\/v2\/comments?post=587"}],"version-history":[{"count":27,"href":"https:\/\/hundeschule-kuhlmann.de\/index.php\/wp-json\/wp\/v2\/pages\/587\/revisions"}],"predecessor-version":[{"id":1474,"href":"https:\/\/hundeschule-kuhlmann.de\/index.php\/wp-json\/wp\/v2\/pages\/587\/revisions\/1474"}],"wp:attachment":[{"href":"https:\/\/hundeschule-kuhlmann.de\/index.php\/wp-json\/wp\/v2\/media?parent=587"}],"curies":[{"name":"wp","href":"https:\/\/api.w.org\/{rel}","templated":true}]}}